{"id":2877,"date":"2023-11-06T11:59:06","date_gmt":"2023-11-06T11:59:06","guid":{"rendered":"https:\/\/bda-therapy.com\/?page_id=2877"},"modified":"2025-02-22T18:56:41","modified_gmt":"2025-02-22T18:56:41","slug":"vladimir-dobrijevic","status":"publish","type":"page","link":"https:\/\/bda-therapy.com\/sr\/vladimir-dobrijevic\/","title":{"rendered":"Vladimir Dobrijevi\u0107"},"content":{"rendered":"\t\t<div data-elementor-type=\"wp-page\" data-elementor-id=\"2877\" class=\"elementor elementor-2877\" data-elementor-post-type=\"page\">\n\t\t\t\t<div class=\"elementor-element elementor-element-16da35d e-flex e-con-boxed e-con e-parent\" data-id=\"16da35d\" data-element_type=\"container\" data-e-type=\"container\">\n\t\t\t\t\t<div class=\"e-con-inner\">\n\t\t<div class=\"elementor-element elementor-element-185be21 e-con-full e-flex e-con e-child\" data-id=\"185be21\" data-element_type=\"container\" data-e-type=\"container\">\n\t\t\t\t<div class=\"elementor-element elementor-element-5bac0aa elementor-widget elementor-widget-image\" data-id=\"5bac0aa\" data-element_type=\"widget\" data-e-type=\"widget\" data-widget_type=\"image.default\">\n\t\t\t\t<div class=\"elementor-widget-container\">\n\t\t\t\t\t\t\t\t\t\t\t\t\t\t\t<img fetchpriority=\"high\" decoding=\"async\" width=\"500\" height=\"750\" src=\"https:\/\/bda-therapy.com\/wp-content\/uploads\/2023\/10\/vladimir-dobrijevic.jpg\" class=\"attachment-large size-large wp-image-1973\" alt=\"\" srcset=\"https:\/\/bda-therapy.com\/wp-content\/uploads\/2023\/10\/vladimir-dobrijevic.jpg.webp 500w, https:\/\/bda-therapy.com\/wp-content\/uploads\/2023\/10\/vladimir-dobrijevic-200x300.jpg.webp 200w\" sizes=\"(max-width: 500px) 100vw, 500px\" title=\"\">\t\t\t\t\t\t\t\t\t\t\t\t\t\t\t<\/div>\n\t\t\t\t<\/div>\n\t\t\t\t<\/div>\n\t\t<div class=\"elementor-element elementor-element-3dabbaf e-con-full e-flex e-con e-child\" data-id=\"3dabbaf\" data-element_type=\"container\" data-e-type=\"container\">\n\t\t\t\t<div class=\"elementor-element elementor-element-e9c64b1 elementor-widget elementor-widget-heading\" data-id=\"e9c64b1\" data-element_type=\"widget\" data-e-type=\"widget\" data-widget_type=\"heading.default\">\n\t\t\t\t<div class=\"elementor-widget-container\">\n\t\t\t\t\t<h1 class=\"elementor-heading-title elementor-size-default\">Vladimir Dobrijevi\u0107\u200b<\/h1>\t\t\t\t<\/div>\n\t\t\t\t<\/div>\n\t\t\t\t<div class=\"elementor-element elementor-element-96f0928 elementor-widget elementor-widget-text-editor\" data-id=\"96f0928\" data-element_type=\"widget\" data-e-type=\"widget\" data-widget_type=\"text-editor.default\">\n\t\t\t\t<div class=\"elementor-widget-container\">\n\t\t\t\t\t\t\t\t\tOsniva\u010d terapije\t\t\t\t\t\t\t\t<\/div>\n\t\t\t\t<\/div>\n\t\t\t\t<div class=\"elementor-element elementor-element-5c33fc4 elementor-widget elementor-widget-text-editor\" data-id=\"5c33fc4\" data-element_type=\"widget\" data-e-type=\"widget\" data-widget_type=\"text-editor.default\">\n\t\t\t\t<div class=\"elementor-widget-container\">\n\t\t\t\t\t\t\t\t\t<p>E-mail:\u00a0<a href=\"mailto:vladimir.dobrijevic@bdatherapy.com\">vladimir.dobrijevic@bdatherapy.com<\/a><\/p>\t\t\t\t\t\t\t\t<\/div>\n\t\t\t\t<\/div>\n\t\t\t\t<div class=\"elementor-element elementor-element-e73f8a5 elementor-widget elementor-widget-text-editor\" data-id=\"e73f8a5\" data-element_type=\"widget\" data-e-type=\"widget\" data-widget_type=\"text-editor.default\">\n\t\t\t\t<div class=\"elementor-widget-container\">\n\t\t\t\t\t\t\t\t\t<p>Vladimir Dobrijevic\u0301, jedan od osniva\u010da BDA terapije (Biomehani\u010dki razvojni pristup) i suvlasnik kompanije Biodevel Professional doo, ro\u0111en je i odrastao u Zemunu, jednoj od beogradskih op\u0161tina. Njegova porodica, odrastanje i svedo\u010denje do\u017eivotne bitke koju je njegova baka vodila s te\u0161kim oblikom poliomijelitisa, motivisala ga je i utrla put da razvija radoznalost i razumevanje na\u010dina na koji ljudsko telo funkcioni\u0161e i \u017eelju da pomogne ljudima s neurolo\u0161kim o\u0161tec\u0301enjima. Scene njegove majke koja se brine i poma\u017ee njegovoj baki da ostvari puni potencijal svojih sposobnosti i nesebi\u010dno je podr\u017eava u svakodnevnim aktivnostima, ostavila je na njega veoma sna\u017ean utisak i nau\u010dila ga jednu vrednu lekciju: samo ukoliko se istinski i su\u0161tinski interesujete, posmatrate i razumete \u010dovekovo stanje, mo\u0107i \u0107ete da mu pomognete. \u017delja da stekne odgovaraju\u0107a znanja i alate koji c\u0301e mu omoguc\u0301iti da ispituje i istra\u017euje na\u010din funkcionisanja ljudskog tela, dovela ga je do studija medicine i biomehanike ljudskog tela.<\/p><p>\u00a0<\/p>\t\t\t\t\t\t\t\t<\/div>\n\t\t\t\t<\/div>\n\t\t\t\t<\/div>\n\t\t\t\t\t<\/div>\n\t\t\t\t<\/div>\n\t\t<div class=\"elementor-element elementor-element-eead9de e-flex e-con-boxed e-con e-parent\" data-id=\"eead9de\" data-element_type=\"container\" data-e-type=\"container\">\n\t\t\t\t\t<div class=\"e-con-inner\">\n\t\t\t\t<div class=\"elementor-element elementor-element-c431121 elementor-widget elementor-widget-text-editor\" data-id=\"c431121\" data-element_type=\"widget\" data-e-type=\"widget\" data-widget_type=\"text-editor.default\">\n\t\t\t\t<div class=\"elementor-widget-container\">\n\t\t\t\t\t\t\t\t\t<p>Nakon srednje medicinske \u0161kole i diplome pedijatrijskog tehni\u010dara, Vladimir zavr\u0161ava Visoku zdravstvenu \u0161kolu strukovnih studija i dobija zvanje radnog terapeuta. Klini\u010dku praksu stekao je u Specijalnoj bolnici za cerebralnu paralizu i razvojnu neurologiju u Beogradu, gde je proveo 4 godine sti\u010duc\u0301i znanje i iskustvo u ovoj oblasti. Raade\u0107i sa decom i odraslim osobama sa invaliditetom \u0161irom Evrope, Vladimir je stekao dragoceno iskustvo i specijalizovao se za rad sa decom\/odraslim osobama sa cerebralnom paralizom i drugim neurolo\u0161kim o\u0161te\u0107enjima\u00a0<\/p><p>U periodu od 2010. do 2016. godine, Vladimir je stekao je obuku iz biomehanike i radio u ABR Danska na poziciji ABR prakti\u010dara, trenera i kasnije kao procenitelja stanja deteta.<\/p><p>U tom periodu, Vladimir je sa svojim kolegom Slobodanom Vujasic\u0301em po\u010deo je da razvija BDA terapiju u Rehabilitacionom centru u Sloveniji. Nakon 3 godine posmatranja, istra\u017eivanja i razvoja, nastala je BDA terapija.<\/p><p>Vladimir ima 12. godina prakti\u010dnog iskustva u radu sa decom i odraslim osobama sa razli\u010ditim oblicima poreme\u0107aja i o\u0161te\u0107enja mo\u017edanog tkiva.<\/p>\t\t\t\t\t\t\t\t<\/div>\n\t\t\t\t<\/div>\n\t\t\t\t\t<\/div>\n\t\t\t\t<\/div>\n\t\t\t\t<\/div>\n\t\t","protected":false},"excerpt":{"rendered":"<p>Vladimir Dobrijevi\u0107\u200b Osniva\u010d terapije E-mail:\u00a0vladimir.dobrijevic@bdatherapy.com Vladimir Dobrijevic\u0301, jedan od osniva\u010da BDA terapije (Biomehani\u010dki razvojni pristup) i suvlasnik kompanije Biodevel Professional doo, ro\u0111en je i odrastao u Zemunu, jednoj od beogradskih op\u0161tina. Njegova porodica, odrastanje i svedo\u010denje do\u017eivotne bitke koju je njegova baka vodila s te\u0161kim oblikom poliomijelitisa, motivisala ga je i utrla put da razvija [&hellip;]<\/p>\n","protected":false},"author":1,"featured_media":0,"parent":0,"menu_order":0,"comment_status":"closed","ping_status":"closed","template":"elementor_header_footer","meta":{"footnotes":""},"class_list":["post-2877","page","type-page","status-publish","hentry"],"_links":{"self":[{"href":"https:\/\/bda-therapy.com\/sr\/wp-json\/wp\/v2\/pages\/2877","targetHints":{"allow":["GET"]}}],"collection":[{"href":"https:\/\/bda-therapy.com\/sr\/wp-json\/wp\/v2\/pages"}],"about":[{"href":"https:\/\/bda-therapy.com\/sr\/wp-json\/wp\/v2\/types\/page"}],"author":[{"embeddable":true,"href":"https:\/\/bda-therapy.com\/sr\/wp-json\/wp\/v2\/users\/1"}],"replies":[{"embeddable":true,"href":"https:\/\/bda-therapy.com\/sr\/wp-json\/wp\/v2\/comments?post=2877"}],"version-history":[{"count":0,"href":"https:\/\/bda-therapy.com\/sr\/wp-json\/wp\/v2\/pages\/2877\/revisions"}],"wp:attachment":[{"href":"https:\/\/bda-therapy.com\/sr\/wp-json\/wp\/v2\/media?parent=2877"}],"curies":[{"name":"wp","href":"https:\/\/api.w.org\/{rel}","templated":true}]}}